{"id":869,"date":"2019-02-04T18:31:28","date_gmt":"2019-02-04T17:31:28","guid":{"rendered":"http:\/\/www.funicolarediverona.it\/billetteire\/"},"modified":"2024-11-19T13:16:52","modified_gmt":"2024-11-19T12:16:52","slug":"billetteire","status":"publish","type":"page","link":"https:\/\/www.funicolarediverona.it\/fr\/billetteire\/","title":{"rendered":"Billetteire"},"content":{"rendered":"<div id='full_slider_1'  class='avia-fullwidth-slider main_color avia-shadow   avia-builder-el-0  el_before_av_section  avia-builder-el-first   container_wrap fullsize'  >\n<style type=\"text\/css\" data-created_by=\"avia_inline_auto\" id=\"style-css-av-jor3t5ow-11d0cdf1c35dff0d0d66edac09f2ff2f\">\n#top #wrap_all .avia-slideshow .av-slideshow-caption.av-jor3t5ow-11d0cdf1c35dff0d0d66edac09f2ff2f__0 .avia-caption-title{\nfont-size:40px;\n}\n#top .avia-slideshow .av-slideshow-caption.av-jor3t5ow-11d0cdf1c35dff0d0d66edac09f2ff2f__0 .avia-caption-content{\nfont-size:30px;\n}\n#top .avia-slideshow .av-slideshow-caption.av-jor3t5ow-11d0cdf1c35dff0d0d66edac09f2ff2f__0 .avia-caption-content p{\nfont-size:30px;\n}\n<\/style>\n<div  class='avia-slideshow av-jor3t5ow-11d0cdf1c35dff0d0d66edac09f2ff2f avia-slideshow-featured av_slideshow_full avia-slide-slider av-slideshow-ui av-control-default av-slideshow-autoplay av-loop-endless av-loop-manual-endless av-default-height-applied   avia-slideshow-1' data-slideshow-options=\"{&quot;animation&quot;:&quot;slide&quot;,&quot;autoplay&quot;:true,&quot;loop_autoplay&quot;:&quot;endless&quot;,&quot;interval&quot;:5,&quot;loop_manual&quot;:&quot;manual-endless&quot;,&quot;autoplay_stopper&quot;:false,&quot;noNavigation&quot;:false,&quot;bg_slider&quot;:false,&quot;keep_padding&quot;:false,&quot;hoverpause&quot;:false,&quot;show_slide_delay&quot;:0}\"  itemprop=\"image\" itemscope=\"itemscope\" itemtype=\"https:\/\/schema.org\/ImageObject\" ><ul class='avia-slideshow-inner ' style='padding-bottom: 28.666666666667%;'><li  class='avia-slideshow-slide av-jor3t5ow-11d0cdf1c35dff0d0d66edac09f2ff2f__0  slide-1 slide-odd'><div data-rel='slideshow-1' class='avia-slide-wrap '   ><img decoding=\"async\" fetchpriority=\"high\" class=\"wp-image-723 avia-img-lazy-loading-not-723\"  src=\"https:\/\/www.funicolarediverona.it\/wp-content\/uploads\/2018\/11\/Agec-Funicolare-2-1500x430.jpg\" width=\"1500\" height=\"430\" title='Agec-Funicolare-2' alt=''  itemprop=\"thumbnailUrl\"   \/><\/div><\/li><li  class='avia-slideshow-slide av-jor3t5ow-11d0cdf1c35dff0d0d66edac09f2ff2f__1  slide-2 slide-even'><div data-rel='slideshow-1' class='avia-slide-wrap '   ><img decoding=\"async\" fetchpriority=\"high\" class=\"wp-image-739 avia-img-lazy-loading-not-739\"  src=\"https:\/\/www.funicolarediverona.it\/wp-content\/uploads\/2018\/11\/Agec-Funicolare-3-1500x430.jpg\" width=\"1500\" height=\"430\" title='Agec-Funicolare-3' alt=''  itemprop=\"thumbnailUrl\"   \/><\/div><\/li><li  class='avia-slideshow-slide av-jor3t5ow-11d0cdf1c35dff0d0d66edac09f2ff2f__2  slide-3 slide-odd'><div data-rel='slideshow-1' class='avia-slide-wrap '   ><img decoding=\"async\" fetchpriority=\"high\" class=\"wp-image-735 avia-img-lazy-loading-not-735\"  src=\"https:\/\/www.funicolarediverona.it\/wp-content\/uploads\/2018\/11\/Agec-Funicolare-6-1500x430.jpg\" width=\"1500\" height=\"430\" title='Agec-Funicolare-6' alt=''  itemprop=\"thumbnailUrl\"   \/><\/div><\/li><\/ul><div class='avia-slideshow-arrows avia-slideshow-controls' ><a href='#prev' class='prev-slide  avia-svg-icon avia-font-svg_entypo-fontello' data-av_svg_icon='left-open-big' data-av_iconset='svg_entypo-fontello' tabindex='-1' title=\"Pr\u00e9c\u00e9dent\"><svg version=\"1.1\" xmlns=\"http:\/\/www.w3.org\/2000\/svg\" width=\"15\" height=\"32\" viewBox=\"0 0 15 32\" preserveAspectRatio=\"xMidYMid meet\" aria-labelledby='av-svg-title-1' aria-describedby='av-svg-desc-1' role=\"graphics-symbol\" aria-hidden=\"true\">\n<title id='av-svg-title-1'>Pr\u00e9c\u00e9dent<\/title>\n<desc id='av-svg-desc-1'>Pr\u00e9c\u00e9dent<\/desc>\n<path d=\"M14.464 27.84q0.832 0.832 0 1.536-0.832 0.832-1.536 0l-12.544-12.608q-0.768-0.768 0-1.6l12.544-12.608q0.704-0.832 1.536 0 0.832 0.704 0 1.536l-11.456 11.904z\"><\/path>\n<\/svg><span class='avia_hidden_link_text'>Pr\u00e9c\u00e9dent<\/span><\/a><a href='#next' class='next-slide  avia-svg-icon avia-font-svg_entypo-fontello' data-av_svg_icon='right-open-big' data-av_iconset='svg_entypo-fontello' tabindex='-1' title=\"Suivant\"><svg version=\"1.1\" xmlns=\"http:\/\/www.w3.org\/2000\/svg\" width=\"15\" height=\"32\" viewBox=\"0 0 15 32\" preserveAspectRatio=\"xMidYMid meet\" aria-labelledby='av-svg-title-2' aria-describedby='av-svg-desc-2' role=\"graphics-symbol\" aria-hidden=\"true\">\n<title id='av-svg-title-2'>Suivant<\/title>\n<desc id='av-svg-desc-2'>Suivant<\/desc>\n<path d=\"M0.416 27.84l11.456-11.84-11.456-11.904q-0.832-0.832 0-1.536 0.832-0.832 1.536 0l12.544 12.608q0.768 0.832 0 1.6l-12.544 12.608q-0.704 0.832-1.536 0-0.832-0.704 0-1.536z\"><\/path>\n<\/svg><span class='avia_hidden_link_text'>Suivant<\/span><\/a><\/div><div class='avia-slideshow-dots avia-slideshow-controls'><a href='#1' class='goto-slide active' >1<\/a><a href='#2' class='goto-slide ' >2<\/a><a href='#3' class='goto-slide ' >3<\/a><\/div><div class='av-slideshow-caption av-jor3t5ow-11d0cdf1c35dff0d0d66edac09f2ff2f__0 caption_fullwidth caption_left'><div class=\"container caption_container\"><div class=\"slideshow_caption\"><div class=\"slideshow_inner_caption\"><div class=\"slideshow_align_caption\"><h2 class='avia-caption-title '  itemprop=\"name\" >QUAND ET COMBIEN<\/h2><\/div><\/div><\/div><\/div><\/div><\/div><\/div>\n<div id='av_section_1'  class='avia-section av-nhjyt-acba32471bcec7efcf9ad8d076788ee8 main_color avia-section-huge avia-no-border-styling  avia-builder-el-1  el_after_av_slideshow_full  el_before_av_section  avia-bg-style-scroll container_wrap fullsize'  ><div class='container av-section-cont-open' ><div class='template-page content  av-content-full alpha units'><div class='post-entry post-entry-type-page post-entry-869'><div class='entry-content-wrapper clearfix'>\n\n<style type=\"text\/css\" data-created_by=\"avia_inline_auto\" id=\"style-css-av-av_one_half-1df1b63c6c045939f2dc1aefbdd8e7ad\">\n.flex_column.av-av_one_half-1df1b63c6c045939f2dc1aefbdd8e7ad{\nborder-radius:0px 0px 0px 0px;\npadding:0px 0px 0px 0px;\n}\n<\/style>\n<div  class='flex_column av-av_one_half-1df1b63c6c045939f2dc1aefbdd8e7ad av_one_half  avia-builder-el-2  el_before_av_one_half  avia-builder-el-first  first flex_column_div av-zero-column-padding  '     ><section  class='av_textblock_section av-av_textblock-7a1af7d8f9790576b1769c0a9f0449ed '   itemscope=\"itemscope\" itemtype=\"https:\/\/schema.org\/CreativeWork\" ><div class='avia_textblock'  itemprop=\"text\" ><h2 style=\"text-align: right;\">TARIFS<\/h2>\n<p style=\"text-align: right;\">Aller-retour 3,00 \u20ac<\/p>\n<p style=\"text-align: right;\">Mont\u00e9e ou descente 2,00 \u20ac<\/p>\n<p style=\"text-align: right;\">* R\u00e9duit 2,00 \u20ac<\/p>\n<p style=\"text-align: right;\">** R\u00e9duit 1,50 \u20ac<\/p>\n<p style=\"text-align: right;\">*** R\u00e9duit 1,00 \u20ac<\/p>\n<p style=\"text-align: right;\">**** Gratuit<\/p>\n<\/div><\/section><\/div>\n<style type=\"text\/css\" data-created_by=\"avia_inline_auto\" id=\"style-css-av-brakt-ebe5877c04e8946c070eee932fb53476\">\n.flex_column.av-brakt-ebe5877c04e8946c070eee932fb53476{\nborder-radius:0px 0px 0px 0px;\npadding:0px 0px 0px 0px;\n}\n<\/style>\n<div  class='flex_column av-brakt-ebe5877c04e8946c070eee932fb53476 av_one_half  avia-builder-el-4  el_after_av_one_half  avia-builder-el-last  flex_column_div av-zero-column-padding  '     ><section  class='av_textblock_section av-jor3um8w-5d89d8ccc38084b9ab06c04645b8884e '   itemscope=\"itemscope\" itemtype=\"https:\/\/schema.org\/CreativeWork\" ><div class='avia_textblock'  itemprop=\"text\" ><h2>HORAIRES D&rsquo;OUVERTURE<\/h2>\n<p>Tous les jours sauf le 25 d\u00e9cembre et le 1er janvier.<\/p>\n<p>Horaire d&rsquo;\u00e9t\u00e9 (Avril \u2013 Octobre): 10:00 &#8211; 21:00<\/p>\n<p>Horaire d&rsquo;hiver (Novembre \u2013 Mars): 10: 00 &#8211; 17:00<\/p>\n<\/div><\/section><\/div><\/div><\/div><\/div><!-- close content main div --><\/div><\/div>\n<style type=\"text\/css\" data-created_by=\"avia_inline_auto\" id=\"style-css-av-av_section-ec1f4cf8a7113a99d5e5de1562ccca43\">\n.avia-section.av-av_section-ec1f4cf8a7113a99d5e5de1562ccca43{\nbackground-color:#e4d2b5;\nbackground-image:unset;\n}\n.avia-section.av-av_section-ec1f4cf8a7113a99d5e5de1562ccca43 .av-extra-border-element .av-extra-border-inner{\nbackground-color:#e4d2b5;\n}\n<\/style>\n<div id='av_section_2'  class='avia-section av-av_section-ec1f4cf8a7113a99d5e5de1562ccca43 main_color avia-section-huge avia-no-border-styling  avia-builder-el-6  el_after_av_section  avia-builder-el-last  avia-bg-style-scroll av-arrow-down-section container_wrap fullsize'  ><div class='container av-section-cont-open' ><div class='template-page content  av-content-full alpha units'><div class='post-entry post-entry-type-page post-entry-869'><div class='entry-content-wrapper clearfix'>\n\n<style type=\"text\/css\" data-created_by=\"avia_inline_auto\" id=\"style-css-av-av_one_fourth-1df1b63c6c045939f2dc1aefbdd8e7ad\">\n.flex_column.av-av_one_fourth-1df1b63c6c045939f2dc1aefbdd8e7ad{\nborder-radius:0px 0px 0px 0px;\npadding:0px 0px 0px 0px;\n}\n<\/style>\n<div  class='flex_column av-av_one_fourth-1df1b63c6c045939f2dc1aefbdd8e7ad av_one_fourth  avia-builder-el-7  el_before_av_one_fourth  avia-builder-el-first  first flex_column_div av-zero-column-padding  '     ><p>\n<style type=\"text\/css\" data-created_by=\"avia_inline_auto\" id=\"style-css-av-av_font_icon-134c9b741bc32bea9ef5ef719ca99709\">\n.av_font_icon.av-av_font_icon-134c9b741bc32bea9ef5ef719ca99709{\ncolor:#181919;\nborder-color:#181919;\n}\n.avia-svg-icon.av-av_font_icon-134c9b741bc32bea9ef5ef719ca99709 svg:first-child{\nstroke:#181919;\nfill:#181919;\n}\n.av_font_icon.av-av_font_icon-134c9b741bc32bea9ef5ef719ca99709 .av-icon-char{\nfont-size:40px;\nline-height:40px;\n}\n<\/style>\n<span  class='av_font_icon av-av_font_icon-134c9b741bc32bea9ef5ef719ca99709 avia_animate_when_visible av-icon-style- avia-icon-pos-center avia-iconfont avia-font-entypo-fontello avia-icon-animate'><span class='av-icon-char' data-av_icon='\ue849' data-av_iconfont='entypo-fontello' aria-hidden=\"true\" ><\/span><\/span><br \/>\n\n<style type=\"text\/css\" data-created_by=\"avia_inline_auto\" id=\"style-css-av-av_heading-0aad56db00fb3ed58b961403f1e3d442\">\n#top .av-special-heading.av-av_heading-0aad56db00fb3ed58b961403f1e3d442{\npadding-bottom:40px;\n}\nbody .av-special-heading.av-av_heading-0aad56db00fb3ed58b961403f1e3d442 .av-special-heading-tag .heading-char{\nfont-size:25px;\n}\n.av-special-heading.av-av_heading-0aad56db00fb3ed58b961403f1e3d442 .av-subheading{\nfont-size:15px;\n}\n<\/style>\n<div  class='av-special-heading av-av_heading-0aad56db00fb3ed58b961403f1e3d442 av-special-heading-h3 blockquote modern-quote  avia-builder-el-9  el_after_av_font_icon  el_before_av_textblock '><h3 class='av-special-heading-tag '  itemprop=\"headline\"  >* ENTR\u00c9E \u00c0 PRIX R\u00c9DUIT \u20ac 2,00<\/h3><div class=\"special-heading-border\"><div class=\"special-heading-inner-border\"><\/div><\/div><\/div><br \/>\n<section  class='av_textblock_section av-lbnfalwp-da835842bdb7293bf93d3c6bb661c3eb '   itemscope=\"itemscope\" itemtype=\"https:\/\/schema.org\/CreativeWork\" ><div class='avia_textblock'  itemprop=\"text\" ><ul>\n<li style=\"text-align: left;\"><span class=\"VIiyi\" lang=\"fr\"><span class=\"JLqJ4b ChMk0b\" data-language-for-alternatives=\"fr\" data-language-to-translate-into=\"it\" data-phrase-index=\"0\">ALLER-RETOUR <span class=\"JLqJ4b ChMk0b C1N51c\" data-language-for-alternatives=\"fr\" data-language-to-translate-into=\"it\" data-phrase-index=\"2\">R\u00c9SIDENTS DE LA PROVINCE DE V\u00c9RONE<\/span><\/span><\/span><\/li>\n<li style=\"text-align: left;\"><span class=\"VIiyi\" lang=\"fr\"><span class=\"JLqJ4b ChMk0b\" data-language-for-alternatives=\"fr\" data-language-to-translate-into=\"it\" data-phrase-index=\"0\">ALLER-RETOUR <span class=\"JLqJ4b ChMk0b C1N51c\" data-language-for-alternatives=\"fr\" data-language-to-translate-into=\"it\" data-phrase-index=\"2\">MOINS DE 10<\/span><br \/>\n<\/span><\/span><\/li>\n<li><span class=\"VIiyi\" lang=\"fr\"><span class=\"JLqJ4b ChMk0b\" data-language-for-alternatives=\"fr\" data-language-to-translate-into=\"it\" data-phrase-index=\"0\">ALLER-RETOUR<\/span><\/span> <span class=\"VIiyi\" lang=\"fr\"><span class=\"JLqJ4b ChMk0b C1N51c\" data-language-for-alternatives=\"fr\" data-language-to-translate-into=\"it\" data-phrase-index=\"4\">PLUS DE 65<\/span><\/span><\/li>\n<li>GROUPES (minimum 15 personnes)<\/li>\n<\/ul>\n<\/div><\/section><\/p><\/div>\n<style type=\"text\/css\" data-created_by=\"avia_inline_auto\" id=\"style-css-av-av_one_fourth-862f0c8b97abc46405e90743a1c7ee0e\">\n.flex_column.av-av_one_fourth-862f0c8b97abc46405e90743a1c7ee0e{\nborder-radius:0px 0px 0px 0px;\npadding:0px 0px 0px 0px;\n}\n<\/style>\n<div  class='flex_column av-av_one_fourth-862f0c8b97abc46405e90743a1c7ee0e av_one_fourth  avia-builder-el-11  el_after_av_one_fourth  el_before_av_one_fourth  flex_column_div av-zero-column-padding  '     ><p>\n<style type=\"text\/css\" data-created_by=\"avia_inline_auto\" id=\"style-css-av-av_font_icon-134c9b741bc32bea9ef5ef719ca99709\">\n.av_font_icon.av-av_font_icon-134c9b741bc32bea9ef5ef719ca99709{\ncolor:#181919;\nborder-color:#181919;\n}\n.avia-svg-icon.av-av_font_icon-134c9b741bc32bea9ef5ef719ca99709 svg:first-child{\nstroke:#181919;\nfill:#181919;\n}\n.av_font_icon.av-av_font_icon-134c9b741bc32bea9ef5ef719ca99709 .av-icon-char{\nfont-size:40px;\nline-height:40px;\n}\n<\/style>\n<span  class='av_font_icon av-av_font_icon-134c9b741bc32bea9ef5ef719ca99709 avia_animate_when_visible av-icon-style- avia-icon-pos-center avia-iconfont avia-font-entypo-fontello avia-icon-animate'><span class='av-icon-char' data-av_icon='\ue849' data-av_iconfont='entypo-fontello' aria-hidden=\"true\" ><\/span><\/span><br \/>\n\n<style type=\"text\/css\" data-created_by=\"avia_inline_auto\" id=\"style-css-av-av_heading-afdfe31e521f7202adeec7ea3140e0c5\">\n#top .av-special-heading.av-av_heading-afdfe31e521f7202adeec7ea3140e0c5{\npadding-bottom:40px;\n}\nbody .av-special-heading.av-av_heading-afdfe31e521f7202adeec7ea3140e0c5 .av-special-heading-tag .heading-char{\nfont-size:25px;\n}\n.av-special-heading.av-av_heading-afdfe31e521f7202adeec7ea3140e0c5 .av-subheading{\nfont-size:15px;\n}\n<\/style>\n<div  class='av-special-heading av-av_heading-afdfe31e521f7202adeec7ea3140e0c5 av-special-heading-h3 blockquote modern-quote  avia-builder-el-13  el_after_av_font_icon  el_before_av_textblock '><h3 class='av-special-heading-tag '  itemprop=\"headline\"  >** ENTR\u00c9E \u00c0 PRIX R\u00c9DUIT \u20ac 1,50<\/h3><div class=\"special-heading-border\"><div class=\"special-heading-inner-border\"><\/div><\/div><\/div><br \/>\n<section  class='av_textblock_section av-lbnfbs3i-fec34d2dbe3ff43a029cc171ca98e8e4 '   itemscope=\"itemscope\" itemtype=\"https:\/\/schema.org\/CreativeWork\" ><div class='avia_textblock'  itemprop=\"text\" ><ul>\n<li style=\"text-align: left;\"><span class=\"VIiyi\" lang=\"fr\"><span class=\"JLqJ4b ChMk0b\" data-language-for-alternatives=\"fr\" data-language-to-translate-into=\"it\" data-phrase-index=\"0\">MONT\u00c9E OU DESCENTE <span class=\"JLqJ4b ChMk0b C1N51c\" data-language-for-alternatives=\"fr\" data-language-to-translate-into=\"it\" data-phrase-index=\"2\">R\u00c9SIDENTS DE LA PROVINCE DE V\u00c9RONE<\/span><\/span><\/span><\/li>\n<\/ul>\n<\/div><\/section><\/p><\/div>\n<style type=\"text\/css\" data-created_by=\"avia_inline_auto\" id=\"style-css-av-av_one_fourth-862f0c8b97abc46405e90743a1c7ee0e\">\n.flex_column.av-av_one_fourth-862f0c8b97abc46405e90743a1c7ee0e{\nborder-radius:0px 0px 0px 0px;\npadding:0px 0px 0px 0px;\n}\n<\/style>\n<div  class='flex_column av-av_one_fourth-862f0c8b97abc46405e90743a1c7ee0e av_one_fourth  avia-builder-el-15  el_after_av_one_fourth  el_before_av_one_fourth  flex_column_div av-zero-column-padding  '     ><p>\n<style type=\"text\/css\" data-created_by=\"avia_inline_auto\" id=\"style-css-av-av_font_icon-134c9b741bc32bea9ef5ef719ca99709\">\n.av_font_icon.av-av_font_icon-134c9b741bc32bea9ef5ef719ca99709{\ncolor:#181919;\nborder-color:#181919;\n}\n.avia-svg-icon.av-av_font_icon-134c9b741bc32bea9ef5ef719ca99709 svg:first-child{\nstroke:#181919;\nfill:#181919;\n}\n.av_font_icon.av-av_font_icon-134c9b741bc32bea9ef5ef719ca99709 .av-icon-char{\nfont-size:40px;\nline-height:40px;\n}\n<\/style>\n<span  class='av_font_icon av-av_font_icon-134c9b741bc32bea9ef5ef719ca99709 avia_animate_when_visible av-icon-style- avia-icon-pos-center avia-iconfont avia-font-entypo-fontello avia-icon-animate'><span class='av-icon-char' data-av_icon='\ue849' data-av_iconfont='entypo-fontello' aria-hidden=\"true\" ><\/span><\/span><br \/>\n\n<style type=\"text\/css\" data-created_by=\"avia_inline_auto\" id=\"style-css-av-av_heading-c676e7b6127d99a3cb0f599507a84173\">\n#top .av-special-heading.av-av_heading-c676e7b6127d99a3cb0f599507a84173{\npadding-bottom:40px;\n}\nbody .av-special-heading.av-av_heading-c676e7b6127d99a3cb0f599507a84173 .av-special-heading-tag .heading-char{\nfont-size:25px;\n}\n.av-special-heading.av-av_heading-c676e7b6127d99a3cb0f599507a84173 .av-subheading{\nfont-size:15px;\n}\n<\/style>\n<div  class='av-special-heading av-av_heading-c676e7b6127d99a3cb0f599507a84173 av-special-heading-h3 blockquote modern-quote  avia-builder-el-17  el_after_av_font_icon  el_before_av_textblock '><h3 class='av-special-heading-tag '  itemprop=\"headline\"  >*** ENTR\u00c9E \u00c0 PRIX R\u00c9DUIT \u20ac 1,00<\/h3><div class=\"special-heading-border\"><div class=\"special-heading-inner-border\"><\/div><\/div><\/div><br \/>\n<section  class='av_textblock_section av-av_textblock-23482006190359359522c957f3a311aa '   itemscope=\"itemscope\" itemtype=\"https:\/\/schema.org\/CreativeWork\" ><div class='avia_textblock'  itemprop=\"text\" ><ul>\n<li><span class=\"VIiyi\" lang=\"fr\"><span class=\"JLqJ4b ChMk0b\" data-language-for-alternatives=\"fr\" data-language-to-translate-into=\"it\" data-phrase-index=\"0\">ALLER-RETOUR MOINS DE 10 R\u00c9SIDENTS DANS LA PROVINCE DE V\u00c9RONE<\/span><\/span><\/li>\n<li><span class=\"VIiyi\" lang=\"fr\"><span class=\"JLqJ4b ChMk0b\" data-language-for-alternatives=\"fr\" data-language-to-translate-into=\"it\" data-phrase-index=\"0\">ALLER-RETOUR<\/span><\/span> <span class=\"VIiyi\" lang=\"fr\"><span class=\"JLqJ4b ChMk0b C1N51c\" data-language-for-alternatives=\"fr\" data-language-to-translate-into=\"it\" data-phrase-index=\"2\">PLUS DE 65 R\u00c9SIDENTS DANS LA PROVINCE DE V\u00c9RONE<\/span><\/span><\/li>\n<\/ul>\n<\/div><\/section><\/p><\/div>\n<style type=\"text\/css\" data-created_by=\"avia_inline_auto\" id=\"style-css-av-av_one_fourth-862f0c8b97abc46405e90743a1c7ee0e\">\n.flex_column.av-av_one_fourth-862f0c8b97abc46405e90743a1c7ee0e{\nborder-radius:0px 0px 0px 0px;\npadding:0px 0px 0px 0px;\n}\n<\/style>\n<div  class='flex_column av-av_one_fourth-862f0c8b97abc46405e90743a1c7ee0e av_one_fourth  avia-builder-el-19  el_after_av_one_fourth  avia-builder-el-last  flex_column_div av-zero-column-padding  '     ><p>\n<style type=\"text\/css\" data-created_by=\"avia_inline_auto\" id=\"style-css-av-av_font_icon-134c9b741bc32bea9ef5ef719ca99709\">\n.av_font_icon.av-av_font_icon-134c9b741bc32bea9ef5ef719ca99709{\ncolor:#181919;\nborder-color:#181919;\n}\n.avia-svg-icon.av-av_font_icon-134c9b741bc32bea9ef5ef719ca99709 svg:first-child{\nstroke:#181919;\nfill:#181919;\n}\n.av_font_icon.av-av_font_icon-134c9b741bc32bea9ef5ef719ca99709 .av-icon-char{\nfont-size:40px;\nline-height:40px;\n}\n<\/style>\n<span  class='av_font_icon av-av_font_icon-134c9b741bc32bea9ef5ef719ca99709 avia_animate_when_visible av-icon-style- avia-icon-pos-center avia-iconfont avia-font-entypo-fontello avia-icon-animate'><span class='av-icon-char' data-av_icon='\ue849' data-av_iconfont='entypo-fontello' aria-hidden=\"true\" ><\/span><\/span><br \/>\n\n<style type=\"text\/css\" data-created_by=\"avia_inline_auto\" id=\"style-css-av-av_heading-bf0fd36040de99ef91d3f4815c162b27\">\n#top .av-special-heading.av-av_heading-bf0fd36040de99ef91d3f4815c162b27{\npadding-bottom:40px;\n}\nbody .av-special-heading.av-av_heading-bf0fd36040de99ef91d3f4815c162b27 .av-special-heading-tag .heading-char{\nfont-size:25px;\n}\n.av-special-heading.av-av_heading-bf0fd36040de99ef91d3f4815c162b27 .av-subheading{\nfont-size:15px;\n}\n<\/style>\n<div  class='av-special-heading av-av_heading-bf0fd36040de99ef91d3f4815c162b27 av-special-heading-h3 blockquote modern-quote  avia-builder-el-21  el_after_av_font_icon  el_before_av_textblock '><h3 class='av-special-heading-tag '  itemprop=\"headline\"  >**** ENTR\u00c9E GRATUITE<\/h3><div class=\"special-heading-border\"><div class=\"special-heading-inner-border\"><\/div><\/div><\/div><br \/>\n<section  class='av_textblock_section av-av_textblock-32af9c344aeda5838e62bcf702809feb '   itemscope=\"itemscope\" itemtype=\"https:\/\/schema.org\/CreativeWork\" ><div class='avia_textblock'  itemprop=\"text\" ><ul>\n<li>ENFANTS (0-1 an)<\/li>\n<li>PERSONNES \u00c0 MOBILIT\u00c9 R\u00c9DUITE AVEC ACCOMPAGNATEUR<\/li>\n<li>GUIDES TOURISTIQUES<\/li>\n<li><span class=\"VIiyi\" lang=\"fr\"><span class=\"JLqJ4b ChMk0b\" data-language-for-alternatives=\"fr\" data-language-to-translate-into=\"it\" data-phrase-index=\"0\">ENSEIGNANTS ACCOMPAGNANT LES ENFANTS SCOLAIRES<\/span><\/span><\/li>\n<\/ul>\n<\/div><\/section><\/p><\/div>\n<\/p>\n","protected":false},"excerpt":{"rendered":"","protected":false},"author":1,"featured_media":0,"parent":0,"menu_order":0,"comment_status":"closed","ping_status":"closed","template":"","meta":{"footnotes":""},"class_list":["post-869","page","type-page","status-publish","hentry"],"_links":{"self":[{"href":"https:\/\/www.funicolarediverona.it\/fr\/wp-json\/wp\/v2\/pages\/869","targetHints":{"allow":["GET"]}}],"collection":[{"href":"https:\/\/www.funicolarediverona.it\/fr\/wp-json\/wp\/v2\/pages"}],"about":[{"href":"https:\/\/www.funicolarediverona.it\/fr\/wp-json\/wp\/v2\/types\/page"}],"author":[{"embeddable":true,"href":"https:\/\/www.funicolarediverona.it\/fr\/wp-json\/wp\/v2\/users\/1"}],"replies":[{"embeddable":true,"href":"https:\/\/www.funicolarediverona.it\/fr\/wp-json\/wp\/v2\/comments?post=869"}],"version-history":[{"count":41,"href":"https:\/\/www.funicolarediverona.it\/fr\/wp-json\/wp\/v2\/pages\/869\/revisions"}],"predecessor-version":[{"id":2276,"href":"https:\/\/www.funicolarediverona.it\/fr\/wp-json\/wp\/v2\/pages\/869\/revisions\/2276"}],"wp:attachment":[{"href":"https:\/\/www.funicolarediverona.it\/fr\/wp-json\/wp\/v2\/media?parent=869"}],"curies":[{"name":"wp","href":"https:\/\/api.w.org\/{rel}","templated":true}]}}